{"id":7,"date":"2022-11-20T12:37:28","date_gmt":"2022-11-20T11:37:28","guid":{"rendered":"http:\/\/tablicenaodznaki.pl\/?page_id=7"},"modified":"2023-02-27T20:25:04","modified_gmt":"2023-02-27T19:25:04","slug":"strona-glowna","status":"publish","type":"page","link":"https:\/\/tablicenaodznaki.pl\/","title":{"rendered":"wiercigroch.pl"},"content":{"rendered":"\n<div class=\"wp-block-cover alignfull is-light\" style=\"min-height:700px;aspect-ratio:unset;\"><span aria-hidden=\"true\" class=\"wp-block-cover__background has-background-dim-0 has-background-dim\"><\/span><img decoding=\"async\" class=\"wp-block-cover__image-background\" alt=\"\" src=\"https:\/\/tablicenaodznaki.pl\/wp-content\/themes\/neve\/assets\/img\/starter-content\/hero.jpg\" style=\"object-position:50% 64%\" data-object-fit=\"cover\" data-object-position=\"50% 64%\"\/><div class=\"wp-block-cover__inner-container is-layout-flow wp-block-cover-is-layout-flow\">\n<div style=\"height:80px\" aria-hidden=\"true\" class=\"wp-block-spacer\"><\/div>\n\n\n\n<h1 class=\"has-text-align-center has-text-color wp-block-heading\" style=\"color:#121212\">Tworzymy tablice na Twoje odznaki g\u00f3rskie.<\/h1>\n\n\n\n<p class=\"has-text-align-center has-text-color\" style=\"color:#121212;font-size:17px\">Oferujemy standardowe tablice na odznaki, jak r\u00f3wnie\u017c spersonalizowane specjalnie dla Ciebie! <\/p>\n\n\n\n<div class=\"wp-block-buttons is-content-justification-center is-layout-flex wp-container-core-buttons-is-layout-16018d1d wp-block-buttons-is-layout-flex\">\n<div class=\"wp-block-button is-style-primary\"><a class=\"wp-block-button__link wp-element-button\" href=\"#Nasze-realizacje\">Zobacz realizacj\u0119<\/a><\/div>\n\n\n\n<div class=\"wp-block-button is-style-secondary\"><a class=\"wp-block-button__link wp-element-button\" href=\"https:\/\/tablicenaodznaki.pl\/index.php\/contact\/\">Kontakt<\/a><\/div>\n\n\n\n<div class=\"wp-block-button is-style-secondary\"><a class=\"wp-block-button__link wp-element-button\" href=\"#Jak-zam\u00f3wi\u0107\">Zobacz jak zam\u00f3wi\u0107<\/a><\/div>\n<\/div>\n\n\n\n<div style=\"height:80px\" aria-hidden=\"true\" class=\"wp-block-spacer\"><\/div>\n\n\n\n<div style=\"height:80px\" aria-hidden=\"true\" class=\"wp-block-spacer\"><\/div>\n\n\n\n<p><\/p>\n<\/div><\/div>\n\n\n\n<div style=\"height:80px\" aria-hidden=\"true\" class=\"wp-block-spacer\"><\/div>\n\n\n\n<div class=\"wp-block-columns is-layout-flex wp-container-core-columns-is-layout-9d6595d7 wp-block-columns-is-layout-flex\" id=\"Jak-zam\u00f3wi\u0107\">\n<div class=\"wp-block-column is-layout-flow wp-block-column-is-layout-flow\" id=\"Jak-zam\u00f3wi\u0107\"><div class=\"wp-block-image icon-style is-style-default\">\n<figure class=\"aligncenter is-resized\"><img loading=\"lazy\" decoding=\"async\" src=\"https:\/\/tablicenaodznaki.pl\/wp-content\/themes\/neve\/assets\/img\/starter-content\/icon-03.svg\" alt=\"\" width=\"48\" height=\"48\"\/><\/figure>\n<\/div>\n\n\n<h3 class=\"has-text-align-center has-neve-text-color-color has-text-color wp-block-heading\">Skontaktuj si\u0119 z nami<\/h3>\n\n\n\n<p class=\"has-text-align-center\">email: kontakt@wiercigroch.pl <\/p>\n\n\n\n<p class=\"has-text-align-center\">tel.:502374576<\/p>\n\n\n\n<p>                        FB: <a href=\"https:\/\/www.facebook.com\/profile.php?id=100063625444327\">wiercigroch.pl<\/a><\/p>\n\n\n\n<div style=\"height:20px\" aria-hidden=\"true\" class=\"wp-block-spacer\"><\/div>\n<\/div>\n\n\n\n<div class=\"wp-block-column is-layout-flow wp-block-column-is-layout-flow\"><div class=\"wp-block-image icon-style is-style-default\">\n<figure class=\"aligncenter is-resized\"><img loading=\"lazy\" decoding=\"async\" src=\"https:\/\/tablicenaodznaki.pl\/wp-content\/themes\/neve\/assets\/img\/starter-content\/icon-02.svg\" alt=\"\" width=\"48\" height=\"48\"\/><\/figure>\n<\/div>\n\n\n<h3 class=\"has-text-align-center has-neve-text-color-color has-text-color wp-block-heading\">Projektujemy <\/h3>\n\n\n\n<p class=\"has-text-align-center\">Projekt uzgadniamy wsp\u00f3lnie po podaniu podstawowych danych: nag\u0142\u00f3wka, ilo\u015bci odznak itp. Wszystkie dane potrzebne do projektu prze\u015blemy w mailu.  <\/p>\n\n\n\n<div style=\"height:20px\" aria-hidden=\"true\" class=\"wp-block-spacer\"><\/div>\n<\/div>\n\n\n\n<div class=\"wp-block-column is-layout-flow wp-block-column-is-layout-flow\"><div class=\"wp-block-image icon-style is-style-rounded\">\n<figure class=\"aligncenter is-resized\"><img loading=\"lazy\" decoding=\"async\" src=\"https:\/\/tablicenaodznaki.pl\/wp-content\/themes\/neve\/assets\/img\/starter-content\/icon-01.svg\" alt=\"\" width=\"48\" height=\"48\"\/><\/figure>\n<\/div>\n\n\n<h3 class=\"has-text-align-center has-neve-text-color-color has-text-color wp-block-heading\">Realizacja<\/h3>\n\n\n\n<p class=\"has-text-align-center\">Po zaakceptowaniu projektu, tablic\u0119 realizujemy w ci\u0105gu 10 dni roboczych. <\/p>\n\n\n\n<div style=\"height:20px\" aria-hidden=\"true\" class=\"wp-block-spacer\"><\/div>\n<\/div>\n<\/div>\n\n\n\n<div style=\"height:80px\" aria-hidden=\"true\" class=\"wp-block-spacer\"><\/div>\n\n\n\n<div class=\"wp-block-cover alignfull\" style=\"min-height:600px;aspect-ratio:unset;\" id=\"Nasze-realizacje\"><span aria-hidden=\"true\" class=\"wp-block-cover__background has-nv-light-bg-background-color has-background-dim-100 has-background-dim\"><\/span><div class=\"wp-block-cover__inner-container is-layout-flow wp-block-cover-is-layout-flow\">\n<div class=\"wp-block-group\"><div class=\"wp-block-group__inner-container is-layout-flow wp-block-group-is-layout-flow\">\n<div style=\"height:80px\" aria-hidden=\"true\" class=\"wp-block-spacer\"><\/div>\n\n\n\n<div class=\"wp-block-columns are-vertically-aligned-center is-layout-flex wp-container-core-columns-is-layout-9d6595d7 wp-block-columns-is-layout-flex\">\n<div class=\"wp-block-column is-vertically-aligned-center is-layout-flow wp-block-column-is-layout-flow\" style=\"flex-basis:50%\">\n<figure class=\"wp-block-image size-large is-style-default\"><img loading=\"lazy\" decoding=\"async\" width=\"1024\" height=\"1024\" src=\"https:\/\/tablicenaodznaki.pl\/wp-content\/uploads\/2023\/02\/KZKGRP-IMG_20210124_132156-1024x1024.jpg\" alt=\"\" class=\"wp-image-61\" srcset=\"https:\/\/tablicenaodznaki.pl\/wp-content\/uploads\/2023\/02\/KZKGRP-IMG_20210124_132156-1024x1024.jpg 1024w, https:\/\/tablicenaodznaki.pl\/wp-content\/uploads\/2023\/02\/KZKGRP-IMG_20210124_132156-300x300.jpg 300w, https:\/\/tablicenaodznaki.pl\/wp-content\/uploads\/2023\/02\/KZKGRP-IMG_20210124_132156-150x150.jpg 150w, https:\/\/tablicenaodznaki.pl\/wp-content\/uploads\/2023\/02\/KZKGRP-IMG_20210124_132156-768x768.jpg 768w, https:\/\/tablicenaodznaki.pl\/wp-content\/uploads\/2023\/02\/KZKGRP-IMG_20210124_132156-1536x1536.jpg 1536w, https:\/\/tablicenaodznaki.pl\/wp-content\/uploads\/2023\/02\/KZKGRP-IMG_20210124_132156-2048x2048.jpg 2048w\" sizes=\"auto, (max-width: 1024px) 100vw, 1024px\" \/><\/figure>\n<\/div>\n\n\n\n<div class=\"wp-block-column is-vertically-aligned-center is-layout-flow wp-block-column-is-layout-flow\" style=\"flex-basis:50%\">\n<div style=\"height:20px\" aria-hidden=\"true\" class=\"wp-block-spacer\"><\/div>\n\n\n\n<h2 class=\"has-text-align-left has-neve-text-color-color has-text-color wp-block-heading\">Nasze realizacje.<\/h2>\n\n\n\n<p class=\"has-text-align-left has-neve-text-color-color has-text-color\" style=\"font-size:17px\">Przedstawiamy tylko niekt\u00f3re nasze realizacje.<\/p>\n\n\n\n<div class=\"wp-block-buttons is-content-justification-left is-layout-flex wp-container-core-buttons-is-layout-fdcfc74e wp-block-buttons-is-layout-flex\">\n<div class=\"wp-block-button is-style-primary\"><a class=\"wp-block-button__link wp-element-button\" href=\"https:\/\/tablicenaodznaki.pl\/index.php\/strona-glowna\/galeria\/\">Zobacz przyk\u0142adowe realizacje.<\/a><\/div>\n<\/div>\n<\/div>\n<\/div>\n\n\n\n<div style=\"height:40px\" aria-hidden=\"true\" class=\"wp-block-spacer\"><\/div>\n<\/div><\/div>\n<\/div><\/div>\n\n\n\n<div class=\"wp-block-cover alignfull\" style=\"min-height:300px;aspect-ratio:unset;\"><span aria-hidden=\"true\" class=\"wp-block-cover__background has-nv-dark-bg-background-color has-background-dim-100 has-background-dim\"><\/span><div class=\"wp-block-cover__inner-container is-layout-flow wp-block-cover-is-layout-flow\">\n<div style=\"height:140px\" aria-hidden=\"true\" class=\"wp-block-spacer\"><\/div>\n\n\n\n<h2 class=\"has-text-align-center has-nv-text-dark-bg-color has-text-color wp-block-heading\">On nas.<\/h2>\n\n\n\n<p class=\"has-text-align-center has-medium-font-size\">Nasza firma posiada 7 letnie do\u015bwiadczenie w wycinaniu laserowym sklejki. Posiadamy park maszynowy pozwalaj\u0105cy wykonywa\u0107 du\u017ce jaki i jednostkowe zlecenia. Ca\u0142y czas podnosimy kwalifikacj\u0119 aby dostarcza\u0107 produkty najwy\u017cszej jako\u015bci.<\/p>\n\n\n\n<div style=\"height:140px\" aria-hidden=\"true\" class=\"wp-block-spacer\"><\/div>\n<\/div><\/div>\n","protected":false},"excerpt":{"rendered":"<p>Skontaktuj si\u0119 z nami email: kontakt@wiercigroch.pl tel.:502374576 FB: wiercigroch.pl Projektujemy Projekt uzgadniamy wsp\u00f3lnie po podaniu podstawowych danych: nag\u0142\u00f3wka, ilo\u015bci odznak itp. Wszystkie dane potrzebne do projektu prze\u015blemy w mailu. Realizacja Po zaakceptowaniu projektu, tablic\u0119 realizujemy w ci\u0105gu 10 dni roboczych.<\/p>\n","protected":false},"author":1,"featured_media":0,"parent":0,"menu_order":0,"comment_status":"closed","ping_status":"closed","template":"","meta":{"neve_meta_sidebar":"","neve_meta_container":"","neve_meta_enable_content_width":"on","neve_meta_content_width":100,"neve_meta_title_alignment":"","neve_meta_author_avatar":"","neve_post_elements_order":"","neve_meta_disable_header":"","neve_meta_disable_footer":"","neve_meta_disable_title":"on","footnotes":""},"class_list":["post-7","page","type-page","status-publish","hentry"],"_links":{"self":[{"href":"https:\/\/tablicenaodznaki.pl\/index.php\/wp-json\/wp\/v2\/pages\/7","targetHints":{"allow":["GET"]}}],"collection":[{"href":"https:\/\/tablicenaodznaki.pl\/index.php\/wp-json\/wp\/v2\/pages"}],"about":[{"href":"https:\/\/tablicenaodznaki.pl\/index.php\/wp-json\/wp\/v2\/types\/page"}],"author":[{"embeddable":true,"href":"https:\/\/tablicenaodznaki.pl\/index.php\/wp-json\/wp\/v2\/users\/1"}],"replies":[{"embeddable":true,"href":"https:\/\/tablicenaodznaki.pl\/index.php\/wp-json\/wp\/v2\/comments?post=7"}],"version-history":[{"count":21,"href":"https:\/\/tablicenaodznaki.pl\/index.php\/wp-json\/wp\/v2\/pages\/7\/revisions"}],"predecessor-version":[{"id":70,"href":"https:\/\/tablicenaodznaki.pl\/index.php\/wp-json\/wp\/v2\/pages\/7\/revisions\/70"}],"wp:attachment":[{"href":"https:\/\/tablicenaodznaki.pl\/index.php\/wp-json\/wp\/v2\/media?parent=7"}],"curies":[{"name":"wp","href":"https:\/\/api.w.org\/{rel}","templated":true}]}}